{"id":6087,"date":"2021-11-08T11:37:54","date_gmt":"2021-11-08T11:37:54","guid":{"rendered":"http:\/\/laviewrestaurant.com\/?page_id=6087"},"modified":"2023-07-25T15:00:42","modified_gmt":"2023-07-25T14:00:42","slug":"eventos-grupales","status":"publish","type":"page","link":"http:\/\/laviewrestaurant.com\/es\/eventos-grupales\/","title":{"rendered":"Eventos"},"content":{"rendered":"<p>[vc_row content_text_aligment=\u00bbcenter\u00bb parallax_background_image=\u00bb6096&#8243;][vc_column]<div class=\"mkdf-elements-holder   mkdf-one-column  mkdf-responsive-mode-768 \" ><div class=\"mkdf-eh-item    \"  data-item-class=\"mkdf-eh-custom-8858\" data-1367-1600=\"145px 0\" data-1025-1366=\"111px 0\" data-769-1024=\"130px 0\" data-681-768=\"122px 0\" data-680=\"92px 0\">\n\t<div class=\"mkdf-eh-item-inner\">\n\t\t<div class=\"mkdf-eh-item-content mkdf-eh-custom-8858\" style=\"padding: 149px 0\">\n\t\t\t[vc_column_text]<\/p>\n<h1><span style=\"color: #ffffff;\">FIESTA DE NAVIDAD<\/span><\/h1>\n<p>[\/vc_column_text]\t\t<\/div>\n\t<\/div>\n<\/div><\/div>[\/vc_column][\/vc_row][vc_row css=\u00bb.vc_custom_1634410294719{padding-right: 50px !important;padding-left: 50px !important;}\u00bb][vc_column width=\u00bb1\/4&#8243;][\/vc_column][vc_column width=\u00bb1\/2&#8243; css=\u00bb.vc_custom_1636362331041{padding-top: 50px !important;padding-bottom: 60px !important;}\u00bb][vc_column_text]<\/p>\n<h4 style=\"text-align: center;\"><strong>Disfruta la temporada navide\u00f1a con nosotros.<\/strong><\/h4>\n<h4 style=\"text-align: center;\"><strong>LA VIEW<\/strong> tiene el ambiente perfecto para hacer que su celebraci\u00f3n corporativa sea a\u00fan m\u00e1s especial. Hemos creado una fina selecci\u00f3n de men\u00fas para que su velada sea inolvidable.<\/h4>\n<h4 style=\"text-align: center;\">Para solicitudes especiales o men\u00fas personalizados cont\u00e1ctenos\u00a0directamente<\/h4>\n<p>[\/vc_column_text][\/vc_column][vc_column width=\u00bb1\/4&#8243;][\/vc_column][\/vc_row][vc_row css=\u00bb.vc_custom_1634410294719{padding-right: 50px !important;padding-left: 50px !important;}\u00bb][vc_column width=\u00bb1\/6&#8243;][\/vc_column][vc_column width=\u00bb2\/3&#8243;][vc_separator color=\u00bbcustom\u00bb style=\u00bbdashed\u00bb accent_color=\u00bb#0a5906&#8243; css=\u00bb.vc_custom_1636362858379{padding-top: 15px !important;}\u00bb][vc_column_text]<\/p>\n<h3 style=\"text-align: center;\"><strong><span style=\"color: #000000;\">MENU 1<\/span><\/strong><\/h3>\n<h4 style=\"text-align: center;\">35\u20ac por persona<\/h4>\n<p>[\/vc_column_text][vc_column_text]<\/p>\n<h5 style=\"text-align: center;\">Entrantes<\/h5>\n<p style=\"text-align: center;\"><strong>Gambas pil pil<\/strong><strong>\u00a0<\/strong><\/p>\n<p style=\"text-align: center;\"><strong>Ensalada sana<\/strong><\/p>\n<p style=\"text-align: center;\">(espinaca baby, aguacate, manzana, tomate cherry, nueze, anacardo y queso de cabra servido con vinagretta y copota)<\/p>\n<p style=\"text-align: center;\"><strong>Sopa Minestrone<\/strong><\/p>\n<h4><\/h4>\n<p>&nbsp;<\/p>\n<h5 style=\"text-align: center;\">Segundos Platos<\/h5>\n<p style=\"text-align: center;\"><strong>Ravioli de higo y queso de cabra<\/strong><\/p>\n<p style=\"text-align: center;\">(servido con crema de espinaca, avellana tostada y nata)<\/p>\n<p style=\"text-align: center;\"><strong>Lomo de salmon fresco<\/strong><\/p>\n<p style=\"text-align: center;\">(ervido con coulis de naranja y jenjibre)<\/p>\n<p style=\"text-align: center;\"><strong>Pollo picantones con patata fritas<\/strong><\/p>\n<h4><\/h4>\n<p>&nbsp;<\/p>\n<h5 style=\"text-align: center;\">Postres<\/h5>\n<p style=\"text-align: center;\"><strong>Helado o tiramisu<\/strong><\/p>\n<p>&nbsp;<\/p>\n<p style=\"text-align: center;\"><em>*1 bot<\/em><em>ella de vino por 2 pers<\/em><em>onas. Agua y caf\u00e9<\/em><\/p>\n<p>[\/vc_column_text][vc_separator color=\u00bbcustom\u00bb style=\u00bbdashed\u00bb accent_color=\u00bb#0a5906&#8243; css=\u00bb.vc_custom_1636362864707{padding-top: 15px !important;}\u00bb][\/vc_column][vc_column width=\u00bb1\/6&#8243;][\/vc_column][\/vc_row][vc_row css=\u00bb.vc_custom_1636364147465{padding-top: 20px !important;padding-right: 50px !important;padding-left: 50px !important;}\u00bb][vc_column width=\u00bb1\/6&#8243;][\/vc_column][vc_column width=\u00bb2\/3&#8243;][vc_column_text]<\/p>\n<h3 style=\"text-align: center;\"><strong><span style=\"color: #000000;\">MENU 2<\/span><\/strong><\/h3>\n<h4 style=\"text-align: center;\">50\u20ac\u00a0por persona<\/h4>\n<p>[\/vc_column_text][vc_column_text]<\/p>\n<h5 style=\"text-align: center;\">Entrantes<\/h5>\n<p style=\"text-align: center;\"><strong>Carpaccio de ternera <\/strong><\/p>\n<p style=\"text-align: center;\">(carpaccio de black angus servido con rucula, parmesano y una reduccion de vinagre balsamico)<\/p>\n<p style=\"text-align: center;\"><strong>Foie gras de manzana <\/strong><\/p>\n<p style=\"text-align: center;\">(foie gras servido con manzana y pera caramelizadas, con crema de vinagre balsamico)<\/p>\n<p style=\"text-align: center;\"><strong>Burrata tricolor<\/strong><\/p>\n<p style=\"text-align: center;\">(tomate, aguacate, burrata y albahaca con aceite de oliva)<\/p>\n<p>&nbsp;<\/p>\n<h5 style=\"text-align: center;\">Segundos Platos<\/h5>\n<p style=\"text-align: center;\"><strong>Risotto bosco <\/strong><\/p>\n<p style=\"text-align: center;\">(servido con boletus, champinones y trufa fresca)<\/p>\n<p style=\"text-align: center;\"><strong>Lomo de merluza negra en papillon <\/strong><\/p>\n<p style=\"text-align: center;\">(servido con esp\u00e1rrago blanco tomatito tricolor mini patata al perfume de naranja y boragie cress)<\/p>\n<p style=\"text-align: center;\"><strong>Cube roll Entrecot black Angus a la parrilla <\/strong><\/p>\n<h5><\/h5>\n<h5 style=\"text-align: center;\">Postres<\/h5>\n<p style=\"text-align: center;\"><strong>Panna cotta de\u00a0 vanilla y frutos del bosque <\/strong><\/p>\n<p style=\"text-align: center;\"><strong>Semifrio de pistacho y trufa<\/strong><\/p>\n<p style=\"text-align: center;\"><em>*1 bot<\/em><em>ella de vino por 2 pers<\/em><em>onas. Agua y caf\u00e9<\/em><\/p>\n<p>[\/vc_column_text][vc_separator color=\u00bbcustom\u00bb style=\u00bbdashed\u00bb accent_color=\u00bb#0a5906&#8243; css=\u00bb.vc_custom_1636362864707{padding-top: 15px !important;}\u00bb][\/vc_column][vc_column width=\u00bb1\/6&#8243;][\/vc_column][\/vc_row][vc_row css=\u00bb.vc_custom_1636364153784{padding-top: 20px !important;padding-right: 50px !important;padding-left: 50px !important;}\u00bb][vc_column width=\u00bb1\/6&#8243;][\/vc_column][vc_column width=\u00bb2\/3&#8243;][vc_column_text]<\/p>\n<h3 style=\"text-align: center;\"><strong><span style=\"color: #000000;\">MENU 3<\/span><\/strong><\/h3>\n<h4 style=\"text-align: center;\">60\u20ac\u00a0por persona<\/h4>\n<p>[\/vc_column_text][vc_column_text]<\/p>\n<h5 style=\"text-align: center;\">Entrantes<\/h5>\n<p style=\"text-align: center;\"><strong>Vieras a la plancha <\/strong><\/p>\n<p style=\"text-align: center;\">(servido con crema de esparragos blanco y setas shimeji)<\/p>\n<p style=\"text-align: center;\"><strong>Tartar de at\u00fan rojo <\/strong><\/p>\n<p style=\"text-align: center;\">(servido con manzana acida, aguacate, trito de pepino, rabanito, cebolla y wasaby con hoja de apple blossom)<\/p>\n<p style=\"text-align: center;\"><strong>Ensalada bogavante<\/strong><\/p>\n<p style=\"text-align: center;\">(servido con mezclum, aguacate, papaya, mango y vinagretta de chili rojo y lima)<\/p>\n<h4 style=\"text-align: center;\"><\/h4>\n<h5 style=\"text-align: center;\">Segundos Platos<\/h5>\n<p style=\"text-align: center;\"><strong>Tagliatelle Carpaccio\u00a0 con trufa negra fresca <\/strong><\/p>\n<p style=\"text-align: center;\">(carpaccio de ternera servido con rucula parmesano virutas de parmesano y trufa negra fresca)<\/p>\n<p style=\"text-align: center;\"><strong>Lomo de Lubina salvaje <\/strong><\/p>\n<p style=\"text-align: center;\">(Lubina En crostas de pistacho Servido con agua de escarola y crema de almejas)<\/p>\n<p style=\"text-align: center;\"><strong>\u00a0Solomillo rossini <\/strong><\/p>\n<p style=\"text-align: center;\">(servido con vino Madeira, Foie grass y trufa)<\/p>\n<p style=\"text-align: center;\"><strong>Chulettilla de cordero a la parrilla <\/strong><\/p>\n<h4 style=\"text-align: center;\"><\/h4>\n<h5 style=\"text-align: center;\">Postres<\/h5>\n<p style=\"text-align: center;\"><strong>Bavarese al ciccolato <\/strong><\/p>\n<p style=\"text-align: center;\">(Bavarese de chocolate negro con coraz\u00f3n suave de amarena)<\/p>\n<p style=\"text-align: center;\"><strong>Souffle de chocolate negro <\/strong><\/p>\n<p style=\"text-align: center;\">(Souffle de chocolate negro con coraz\u00f3n de caramelo salado)<\/p>\n<p style=\"text-align: center;\"><em>*1 botella de vino por 2 personas. Agua y caf\u00e9<\/em><\/p>\n<p>[\/vc_column_text][vc_separator color=\u00bbcustom\u00bb style=\u00bbdashed\u00bb accent_color=\u00bb#0a5906&#8243; css=\u00bb.vc_custom_1636362864707{padding-top: 15px !important;}\u00bb][\/vc_column][vc_column width=\u00bb1\/6&#8243;][\/vc_column][\/vc_row][vc_row css=\u00bb.vc_custom_1636364153784{padding-top: 20px !important;padding-right: 50px !important;padding-left: 50px !important;}\u00bb][vc_column width=\u00bb1\/4&#8243;][\/vc_column][vc_column width=\u00bb1\/2&#8243;][vc_column_text css=\u00bb.vc_custom_1636373561106{padding-bottom: 40px !important;}\u00bb]<\/p>\n<div class=\"page\" title=\"Page 18\">\n<div class=\"layoutArea\">\n<div class=\"column\">\n<h3 style=\"text-align: center;\"><strong>Conta\u0301ctanos<\/strong><\/h3>\n<\/div>\n<\/div>\n<\/div>\n<p>[\/vc_column_text]\n<div class=\"wpcf7 no-js\" id=\"wpcf7-f5560-o1\" lang=\"en-US\" dir=\"ltr\">\n<div class=\"screen-reader-response\"><p role=\"status\" aria-live=\"polite\" aria-atomic=\"true\"><\/p> <ul><\/ul><\/div>\n<form action=\"\/es\/wp-json\/wp\/v2\/pages\/6087#wpcf7-f5560-o1\" method=\"post\" class=\"wpcf7-form init\" aria-label=\"Contact form\" novalidate=\"novalidate\" data-status=\"init\">\n<div style=\"display: none;\">\n<input type=\"hidden\" name=\"_wpcf7\" value=\"5560\" \/>\n<input type=\"hidden\" name=\"_wpcf7_version\" value=\"5.9.4\" \/>\n<input type=\"hidden\" name=\"_wpcf7_locale\" value=\"en_US\" \/>\n<input type=\"hidden\" name=\"_wpcf7_unit_tag\" value=\"wpcf7-f5560-o1\" \/>\n<input type=\"hidden\" name=\"_wpcf7_container_post\" value=\"0\" \/>\n<input type=\"hidden\" name=\"_wpcf7_posted_data_hash\" value=\"\" \/>\n<input type=\"hidden\" name=\"_wpcf7_recaptcha_response\" value=\"\" \/>\n<\/div>\n<p><span class=\"wpcf7-form-control-wrap\" data-name=\"your-name\"><input size=\"40\" class=\"wpcf7-form-control wpcf7-text wpcf7-validates-as-required\" aria-required=\"true\" aria-invalid=\"false\" placeholder=\"Nombre Completo\" value=\"\" type=\"text\" name=\"your-name\" \/><\/span>\n<\/p>\n<p><span class=\"wpcf7-form-control-wrap\" data-name=\"your-email\"><input size=\"40\" class=\"wpcf7-form-control wpcf7-email wpcf7-validates-as-required wpcf7-text wpcf7-validates-as-email\" aria-required=\"true\" aria-invalid=\"false\" placeholder=\"E-mail\" value=\"\" type=\"email\" name=\"your-email\" \/><\/span>\n<\/p>\n<p><span class=\"wpcf7-form-control-wrap\" data-name=\"your-message\"><textarea cols=\"40\" rows=\"10\" class=\"wpcf7-form-control wpcf7-textarea wpcf7-validates-as-required\" aria-required=\"true\" aria-invalid=\"false\" placeholder=\"Mensaje\" name=\"your-message\"><\/textarea><\/span>\n<\/p>\n<p><input class=\"wpcf7-form-control wpcf7-submit has-spinner\" type=\"submit\" value=\"Enviar\" \/>\n<\/p><div class=\"wpcf7-response-output\" aria-hidden=\"true\"><\/div>\n<\/form>\n<\/div>\n[\/vc_column][vc_column width=\u00bb1\/4&#8243;][\/vc_column][\/vc_row]<\/p>\n","protected":false},"excerpt":{"rendered":"<p>[vc_row content_text_aligment=\u00bbcenter\u00bb parallax_background_image=\u00bb6096&#8243;][vc_column][\/vc_column][\/vc_row][vc_row css=\u00bb.vc_custom_1634410294719{padding-right: 50px !important;padding-left: 50px !important;}\u00bb][vc_column width=\u00bb1\/4&#8243;][\/vc_column][vc_column width=\u00bb1\/2&#8243; css=\u00bb.vc_custom_1636362331041{padding-top: 50px !important;padding-bottom: 60px !important;}\u00bb][vc_column_text] Disfruta la temporada navide\u00f1a con nosotros. LA VIEW tiene el ambiente perfecto para hacer que su celebraci\u00f3n corporativa sea a\u00fan m\u00e1s especial. Hemos creado una fina selecci\u00f3n de men\u00fas para que su velada sea inolvidable. Para solicitudes especiales o men\u00fas personalizados cont\u00e1ctenos\u00a0directamente [\/vc_column_text][\/vc_column][vc_column width=\u00bb1\/4&#8243;][\/vc_column][\/vc_row][vc_row css=\u00bb.vc_custom_1634410294719{padding-right: 50px !important;padding-left: 50px !important;}\u00bb][vc_column width=\u00bb1\/6&#8243;][\/vc_column][vc_column width=\u00bb2\/3&#8243;][vc_separator color=\u00bbcustom\u00bb style=\u00bbdashed\u00bb accent_color=\u00bb#0a5906&#8243; css=\u00bb.vc_custom_1636362858379{padding-top: 15px !important;}\u00bb][vc_column_text] MENU 1 35\u20ac por persona [\/vc_column_text][vc_column_text] Entrantes Gambas pil pil\u00a0 Ensalada sana (espinaca baby, aguacate, manzana, tomate cherry, nueze, anacardo y queso de cabra servido con vinagretta y [&hellip;]<\/p>\n","protected":false},"author":2,"featured_media":0,"parent":0,"menu_order":0,"comment_status":"closed","ping_status":"closed","template":"full-width.php","meta":{"_monsterinsights_skip_tracking":false,"_monsterinsights_sitenote_active":false,"_monsterinsights_sitenote_note":"","_monsterinsights_sitenote_category":0,"footnotes":""},"class_list":["post-6087","page","type-page","status-publish","hentry"],"aioseo_notices":[],"_links":{"self":[{"href":"http:\/\/laviewrestaurant.com\/es\/wp-json\/wp\/v2\/pages\/6087","targetHints":{"allow":["GET"]}}],"collection":[{"href":"http:\/\/laviewrestaurant.com\/es\/wp-json\/wp\/v2\/pages"}],"about":[{"href":"http:\/\/laviewrestaurant.com\/es\/wp-json\/wp\/v2\/types\/page"}],"author":[{"embeddable":true,"href":"http:\/\/laviewrestaurant.com\/es\/wp-json\/wp\/v2\/users\/2"}],"replies":[{"embeddable":true,"href":"http:\/\/laviewrestaurant.com\/es\/wp-json\/wp\/v2\/comments?post=6087"}],"version-history":[{"count":4,"href":"http:\/\/laviewrestaurant.com\/es\/wp-json\/wp\/v2\/pages\/6087\/revisions"}],"predecessor-version":[{"id":6117,"href":"http:\/\/laviewrestaurant.com\/es\/wp-json\/wp\/v2\/pages\/6087\/revisions\/6117"}],"wp:attachment":[{"href":"http:\/\/laviewrestaurant.com\/es\/wp-json\/wp\/v2\/media?parent=6087"}],"curies":[{"name":"wp","href":"https:\/\/api.w.org\/{rel}","templated":true}]}}